{"id":722,"date":"2020-05-04T11:25:24","date_gmt":"2020-05-04T08:25:24","guid":{"rendered":"https:\/\/test1.smartlink.lv\/?page_id=722"},"modified":"2025-10-30T19:23:52","modified_gmt":"2025-10-30T16:23:52","slug":"proekt-1945-lv","status":"publish","type":"page","link":"https:\/\/test1.smartlink.lv\/?page_id=722","title":{"rendered":"Juridisk\u0101 palidz\u012bba"},"content":{"rendered":"<h3>ZAB &#171;Voro\u0146ko&#187;<\/h3>\n<p>[Teksts]<\/p>\n<p><em>ZAB &#171;Voro\u0146ko&#187; \u012bpa\u0161nieks<\/em><br \/>\n<em>Alfr\u0113ds Voro\u0146ko<\/em><\/p>\n","protected":false},"excerpt":{"rendered":"<p>ZAB &#171;Voro\u0146ko&#187; [Teksts] ZAB &#171;Voro\u0146ko&#187; \u012bpa\u0161nieks Alfr\u0113ds Voro\u0146ko<\/p>\n","protected":false},"author":1,"featured_media":0,"parent":0,"menu_order":0,"comment_status":"closed","ping_status":"closed","template":"","meta":{"footnotes":""},"class_list":["post-722","page","type-page","status-publish","hentry"],"_links":{"self":[{"href":"https:\/\/test1.smartlink.lv\/index.php?rest_route=\/wp\/v2\/pages\/722","targetHints":{"allow":["GET"]}}],"collection":[{"href":"https:\/\/test1.smartlink.lv\/index.php?rest_route=\/wp\/v2\/pages"}],"about":[{"href":"https:\/\/test1.smartlink.lv\/index.php?rest_route=\/wp\/v2\/types\/page"}],"author":[{"embeddable":true,"href":"https:\/\/test1.smartlink.lv\/index.php?rest_route=\/wp\/v2\/users\/1"}],"replies":[{"embeddable":true,"href":"https:\/\/test1.smartlink.lv\/index.php?rest_route=%2Fwp%2Fv2%2Fcomments&post=722"}],"version-history":[{"count":7,"href":"https:\/\/test1.smartlink.lv\/index.php?rest_route=\/wp\/v2\/pages\/722\/revisions"}],"predecessor-version":[{"id":812,"href":"https:\/\/test1.smartlink.lv\/index.php?rest_route=\/wp\/v2\/pages\/722\/revisions\/812"}],"wp:attachment":[{"href":"https:\/\/test1.smartlink.lv\/index.php?rest_route=%2Fwp%2Fv2%2Fmedia&parent=722"}],"curies":[{"name":"wp","href":"https:\/\/api.w.org\/{rel}","templated":true}]}}